{"id":3093,"date":"2025-01-27T18:01:58","date_gmt":"2025-01-27T17:01:58","guid":{"rendered":"https:\/\/harber-ip.cz\/sylvie-rehackova\/"},"modified":"2025-01-28T12:58:53","modified_gmt":"2025-01-28T11:58:53","slug":"sylvie-rehackova","status":"publish","type":"page","link":"https:\/\/harber-ip.cz\/en\/sylvie-rehackova\/","title":{"rendered":"Mgr. et Mgr.  SYLVIE \u0158EH\u00c1\u010cKOV\u00c1 LL.M."},"content":{"rendered":"\n<div class=\"wp-block-columns is-layout-flex wp-container-3\">\n<div class=\"wp-block-column is-layout-flow\" style=\"flex-basis:33.33%\">\n<figure class=\"wp-block-image size-full\"><img decoding=\"async\" loading=\"lazy\" width=\"450\" height=\"500\" src=\"https:\/\/harber-ip.cz\/wp-content\/uploads\/2025\/01\/sylvie_rehackova_harber_ip.jpg\" alt=\"\" class=\"wp-image-3089\" srcset=\"https:\/\/harber-ip.cz\/wp-content\/uploads\/2025\/01\/sylvie_rehackova_harber_ip.jpg 450w, https:\/\/harber-ip.cz\/wp-content\/uploads\/2025\/01\/sylvie_rehackova_harber_ip-270x300.jpg 270w\" sizes=\"(max-width: 450px) 100vw, 450px\" \/><\/figure>\n<\/div>\n\n\n\n<div class=\"wp-block-column is-layout-flow\" style=\"flex-basis:66.66%\">\n<h3 class=\"wp-block-heading\"><strong>LAWYER \u2013 TRADEMARKS AND INDUSTRIAL DESIGNS<\/strong><\/h3>\n\n\n\n<p><a href=\"mailto:rehackova@harber-ip.cz\">rehackova@harber-ip.cz<\/a><br><strong>CZ EN ES<\/strong><\/p>\n\n\n\n<p class=\"has-text-align-justify\">After graduating from the Faculty of Law, Sylvie specialized in intellectual property. She began her career at the law and patent firm V\u0161ete\u010dka Zelen\u00fd \u0160vor\u010d\u00edk Kalensk\u00fd &amp; Partners in Prague. Following her successful completion of the bar exams, she gained valuable experience at the European Union Intellectual Property Office (EUIPO) in Alicante. Upon returning to the Czech Republic, she continued as an in-house lawyer. In her practice, Sylvie focuses primarily on trademarks and industrial designs.<\/p>\n\n\n\n<p><strong>KVALIFIKACE A MILN\u00cdKY<\/strong><br><\/p>\n\n\n\n<p><strong>2018 \u2013 2019<\/strong>&nbsp;Master in Intellectual Property (Magister Lvcentinvs) in Alicante (LL.M.)<br><strong>2018<\/strong> \u2013 Successfully passed the bar exams<br><strong>2016 \u2013 2018<\/strong>&nbsp;Industrial Property Office of the Czech Republic, Specialization study in the field of industrial property protection<br><strong>2012 \u2013 2015<\/strong> University of Ostrava, Spanish for Translation Practice (Master&#8217;s degree)<br><strong>2006 \u2013 2015<\/strong> Palack\u00fd University in Olomouc, Faculty of Law (Master&#8217;s degree)<\/p>\n<\/div>\n<\/div>\n","protected":false},"excerpt":{"rendered":"<p>LAWYER \u2013 TRADEMARKS AND INDUSTRIAL DESIGNS rehackova@harber-ip.czCZ EN ES After graduating from the Faculty of Law, Sylvie specialized in intellectual property. She began her career at the law and patent &#8230;<\/p>\n","protected":false},"author":3,"featured_media":0,"parent":0,"menu_order":24,"comment_status":"closed","ping_status":"closed","template":"","meta":{"inline_featured_image":false},"acf":[],"aioseo_notices":[],"_links":{"self":[{"href":"https:\/\/harber-ip.cz\/en\/wp-json\/wp\/v2\/pages\/3093"}],"collection":[{"href":"https:\/\/harber-ip.cz\/en\/wp-json\/wp\/v2\/pages"}],"about":[{"href":"https:\/\/harber-ip.cz\/en\/wp-json\/wp\/v2\/types\/page"}],"author":[{"embeddable":true,"href":"https:\/\/harber-ip.cz\/en\/wp-json\/wp\/v2\/users\/3"}],"replies":[{"embeddable":true,"href":"https:\/\/harber-ip.cz\/en\/wp-json\/wp\/v2\/comments?post=3093"}],"version-history":[{"count":2,"href":"https:\/\/harber-ip.cz\/en\/wp-json\/wp\/v2\/pages\/3093\/revisions"}],"predecessor-version":[{"id":3110,"href":"https:\/\/harber-ip.cz\/en\/wp-json\/wp\/v2\/pages\/3093\/revisions\/3110"}],"wp:attachment":[{"href":"https:\/\/harber-ip.cz\/en\/wp-json\/wp\/v2\/media?parent=3093"}],"curies":[{"name":"wp","href":"https:\/\/api.w.org\/{rel}","templated":true}]}}