{"id":2970,"date":"2018-02-05T12:17:12","date_gmt":"2018-02-05T11:17:12","guid":{"rendered":"https:\/\/harber-ip.cz\/jana-holpuchova\/"},"modified":"2024-06-20T11:10:41","modified_gmt":"2024-06-20T09:10:41","slug":"jana-holpuchova","status":"publish","type":"page","link":"https:\/\/harber-ip.cz\/en\/jana-holpuchova\/","title":{"rendered":"Ing. JANA HOLPUCHOV\u00c1"},"content":{"rendered":"\n<div class=\"wp-block-columns is-layout-flex wp-container-3\">\n<div class=\"wp-block-column is-layout-flow\" style=\"flex-basis:33.33%\">\n<figure class=\"wp-block-image size-full\"><img decoding=\"async\" loading=\"lazy\" width=\"445\" height=\"500\" src=\"http:\/\/harber-ip.cz\/wp-content\/uploads\/2024\/06\/J-Holpuchov.png\" alt=\"\" class=\"wp-image-2547\" srcset=\"https:\/\/harber-ip.cz\/wp-content\/uploads\/2024\/06\/J-Holpuchov.png 445w, https:\/\/harber-ip.cz\/wp-content\/uploads\/2024\/06\/J-Holpuchov-267x300.png 267w\" sizes=\"(max-width: 445px) 100vw, 445px\" \/><\/figure>\n<\/div>\n\n\n\n<div class=\"wp-block-column is-layout-flow\" style=\"flex-basis:66.66%\">\n<h3 class=\"wp-block-heading\">PATENT ATTORNEY, EUROPEAN PATENT ATTORNEY \u2013 TRADEMARKS, ECONOMIST SPECIALIST<\/h3>\n\n\n\n<p><a href=\"mailto:holpuchova@harber-ip.cz\" title=\"\">holpuchova@harber-ip.cz<\/a><br><strong>CZ EN<\/strong><\/p>\n\n\n\n<p class=\"has-text-align-justify\">Jana started her career in the IP field at Vysko\u010dil Kro\u0161l\u00e1k and Partners, where she also passed the professional examination of a patent attorney in the field of protection of designation rights. Subsequently, she worked for&nbsp;8 years as a patent attorney for trademarks and economic specialist of the patent department of INVENTIA s.r.o. She continues to work in these areas within HARBER IP.<\/p>\n\n\n\n<p><strong>QUALIFICATIONS AND MILESTONES<\/strong><br>Since <strong>2018<\/strong> HARBER IP, Patent Attorney, Economic specialist<br><strong>2007 <\/strong>European Trademark Attorney<br><strong>2010 \u2013 2018 <\/strong>INVENTIA s.r.o., patent attorney company, patent attorney, economic specialist<br><strong>2004 \u2013 2009 <\/strong>Vysko\u010dil, Kro\u0161l\u00e1k and partners, assistant patent attorney<br><strong>2004 \u2013 2006 <\/strong>Industrial Property Office of the Czech Republic, Specialization study in the field of industrial property protection<br><strong>1981 \u2013 1985 <\/strong>University of Economics, Internal Trade<\/p>\n<\/div>\n<\/div>\n","protected":false},"excerpt":{"rendered":"<p>PATENT ATTORNEY, EUROPEAN PATENT ATTORNEY \u2013 TRADEMARKS, ECONOMIST SPECIALIST holpuchova@harber-ip.czCZ EN Jana started her career in the IP field at Vysko\u010dil Kro\u0161l\u00e1k and Partners, where she also passed the professional &#8230;<\/p>\n","protected":false},"author":3,"featured_media":2870,"parent":0,"menu_order":150,"comment_status":"closed","ping_status":"closed","template":"","meta":{"inline_featured_image":false},"acf":[],"aioseo_notices":[],"_links":{"self":[{"href":"https:\/\/harber-ip.cz\/en\/wp-json\/wp\/v2\/pages\/2970"}],"collection":[{"href":"https:\/\/harber-ip.cz\/en\/wp-json\/wp\/v2\/pages"}],"about":[{"href":"https:\/\/harber-ip.cz\/en\/wp-json\/wp\/v2\/types\/page"}],"author":[{"embeddable":true,"href":"https:\/\/harber-ip.cz\/en\/wp-json\/wp\/v2\/users\/3"}],"replies":[{"embeddable":true,"href":"https:\/\/harber-ip.cz\/en\/wp-json\/wp\/v2\/comments?post=2970"}],"version-history":[{"count":3,"href":"https:\/\/harber-ip.cz\/en\/wp-json\/wp\/v2\/pages\/2970\/revisions"}],"predecessor-version":[{"id":3067,"href":"https:\/\/harber-ip.cz\/en\/wp-json\/wp\/v2\/pages\/2970\/revisions\/3067"}],"wp:featuredmedia":[{"embeddable":true,"href":"https:\/\/harber-ip.cz\/en\/wp-json\/wp\/v2\/media\/2870"}],"wp:attachment":[{"href":"https:\/\/harber-ip.cz\/en\/wp-json\/wp\/v2\/media?parent=2970"}],"curies":[{"name":"wp","href":"https:\/\/api.w.org\/{rel}","templated":true}]}}