{"id":2966,"date":"2018-02-05T12:15:35","date_gmt":"2018-02-05T11:15:35","guid":{"rendered":"https:\/\/harber-ip.cz\/petra-fouskova\/"},"modified":"2024-06-20T11:11:51","modified_gmt":"2024-06-20T09:11:51","slug":"petra-fouskova","status":"publish","type":"page","link":"https:\/\/harber-ip.cz\/en\/petra-fouskova\/","title":{"rendered":"RNDr. PETRA FOUSKOV\u00c1, Ph.D."},"content":{"rendered":"\n<div class=\"wp-block-columns is-layout-flex wp-container-3\">\n<div class=\"wp-block-column is-layout-flow\" style=\"flex-basis:33.33%\">\n<figure class=\"wp-block-image size-full\"><img decoding=\"async\" loading=\"lazy\" width=\"450\" height=\"500\" src=\"http:\/\/harber-ip.cz\/wp-content\/uploads\/2024\/06\/P-Fouskova-1-3.jpg\" alt=\"\" class=\"wp-image-2546\" srcset=\"https:\/\/harber-ip.cz\/wp-content\/uploads\/2024\/06\/P-Fouskova-1-3.jpg 450w, https:\/\/harber-ip.cz\/wp-content\/uploads\/2024\/06\/P-Fouskova-1-3-270x300.jpg 270w\" sizes=\"(max-width: 450px) 100vw, 450px\" \/><\/figure>\n<\/div>\n\n\n\n<div class=\"wp-block-column is-layout-flow\" style=\"flex-basis:66.66%\">\n<h3 class=\"wp-block-heading\">EUROPEAN PATENT ATTORNEY<\/h3>\n\n\n\n<p><a href=\"mailto:fouskova@harber-ip.cz\">fouskova@harber-ip.cz<\/a><br><strong>CZ EN FR<\/strong><\/p>\n\n\n\n<p class=\"has-text-align-justify\">Petra first worked as a research scientist at the Centre national de la recherche scientifique. After joining INVENTIA s.r.o., she completed a specialization study in the field of industrial property protection at&nbsp;the&nbsp;Institute of Industrial Law Education at the Industrial Property Office of the Czech Republic. Petra regularly tutors seminars about industrial property strategy basics for scientists of the Academy of Sciences of&nbsp;the Czech Republic. In epi (European Patent Institute, the professional chamber of European patent attorneys) Petra represents the Czech Republic in the epi Council and the European Patent Practice Committee.<\/p>\n\n\n\n<p><strong>QUALIFICATIONS AND MILESTONES<\/strong><br><strong>2023 <\/strong>Member of the European Patent Practice Commitee epi Council<br><strong>2023 <\/strong>Member of the epi Council<br><strong>2021 <\/strong>European Patent Attorney<br><strong>2018 <\/strong>HARBER IP, Patent Attorney<br><strong>2018 <\/strong>Czech Patent Attorney<br><strong>2006 \u2013 2008 <\/strong>Centre national de la recherche scientifique, Orl\u00e9ans (France)<br><strong>2015 \u2013 2017 <\/strong>Basic Training Course on European Patent Law, Universit\u00e9 de Strasbourg, Centre d&#8217;Etudes Internationales de la Propriet\u00e9 Intellectuelle (France)<br><strong>2006 <\/strong>First prize in the Prix de Chimie competition<br><strong>2002 <\/strong>Universit\u00e9 de Mons (Belgium), internship<br><strong>2004 &#8211; 2005 <\/strong>\u00c9cole Polytechnique F\u00e9d\u00e9rale de Lausanne (Switzerland), internship<br><strong>2002 &#8211; 2003 <\/strong>Technische Universiteit Delft (Netherlands), internship<br><strong>1996 \u2013 2006 <\/strong>Faculty of Science, Charles University in Prague, inorganic chemistry<\/p>\n<\/div>\n<\/div>\n","protected":false},"excerpt":{"rendered":"<p>EUROPEAN PATENT ATTORNEY fouskova@harber-ip.czCZ EN FR Petra first worked as a research scientist at the Centre national de la recherche scientifique. After joining INVENTIA s.r.o., she completed a specialization study &#8230;<\/p>\n","protected":false},"author":3,"featured_media":0,"parent":0,"menu_order":155,"comment_status":"closed","ping_status":"closed","template":"","meta":{"inline_featured_image":false},"acf":[],"aioseo_notices":[],"_links":{"self":[{"href":"https:\/\/harber-ip.cz\/en\/wp-json\/wp\/v2\/pages\/2966"}],"collection":[{"href":"https:\/\/harber-ip.cz\/en\/wp-json\/wp\/v2\/pages"}],"about":[{"href":"https:\/\/harber-ip.cz\/en\/wp-json\/wp\/v2\/types\/page"}],"author":[{"embeddable":true,"href":"https:\/\/harber-ip.cz\/en\/wp-json\/wp\/v2\/users\/3"}],"replies":[{"embeddable":true,"href":"https:\/\/harber-ip.cz\/en\/wp-json\/wp\/v2\/comments?post=2966"}],"version-history":[{"count":3,"href":"https:\/\/harber-ip.cz\/en\/wp-json\/wp\/v2\/pages\/2966\/revisions"}],"predecessor-version":[{"id":3069,"href":"https:\/\/harber-ip.cz\/en\/wp-json\/wp\/v2\/pages\/2966\/revisions\/3069"}],"wp:attachment":[{"href":"https:\/\/harber-ip.cz\/en\/wp-json\/wp\/v2\/media?parent=2966"}],"curies":[{"name":"wp","href":"https:\/\/api.w.org\/{rel}","templated":true}]}}