{"id":2961,"date":"2024-06-11T10:06:27","date_gmt":"2024-06-11T08:06:27","guid":{"rendered":"https:\/\/harber-ip.cz\/ingrid-berankova-ambruzova-ll-m\/"},"modified":"2024-06-20T11:13:09","modified_gmt":"2024-06-20T09:13:09","slug":"ingrid-berankova-ambruzova-ll-m","status":"publish","type":"page","link":"https:\/\/harber-ip.cz\/en\/ingrid-berankova-ambruzova-ll-m\/","title":{"rendered":"INGRID BER\u00c1NKOV\u00c1 AMBRUZOV\u00c1, LL. M."},"content":{"rendered":"\n<div class=\"wp-block-columns is-layout-flex wp-container-3\">\n<div class=\"wp-block-column is-layout-flow\" style=\"flex-basis:33.33%\">\n<figure class=\"wp-block-image size-full\"><img decoding=\"async\" loading=\"lazy\" width=\"450\" height=\"500\" src=\"http:\/\/harber-ip.cz\/wp-content\/uploads\/2024\/06\/I-Bera-nkova.png\" alt=\"\" class=\"wp-image-2556\" srcset=\"https:\/\/harber-ip.cz\/wp-content\/uploads\/2024\/06\/I-Bera-nkova.png 450w, https:\/\/harber-ip.cz\/wp-content\/uploads\/2024\/06\/I-Bera-nkova-270x300.png 270w\" sizes=\"(max-width: 450px) 100vw, 450px\" \/><\/figure>\n<\/div>\n\n\n\n<div class=\"wp-block-column is-layout-flow\" style=\"flex-basis:66.66%\">\n<h3 class=\"wp-block-heading\">CEO, PATENT ATTORNEY \u2013 TRADEMARKS<\/h3>\n\n\n\n<p><a href=\"mailto:berankova@harber-ip.cz\">berankova@harber-ip.cz<\/a><br><strong>CZ EN ES FR<\/strong><\/p>\n\n\n\n<p class=\"has-text-align-justify\">Ingrid is the founding partner of HARBER IP. After concluding her previous career of a ballet dancer in&nbsp;the&nbsp;National Theatre Ballet in Prague, Czech Republic, Ingrid studied law abroad. She entered the field of&nbsp;industrial property at INVENTIA s.r.o. and became a patent attorney in the field of protection of designation rights and a specialist in technology transfer. At HARBER IP, Ingrid focuses on trademarks in addition to&nbsp;company management.<\/p>\n\n\n\n<p><strong>QUALIFICATIONS AND MILESTONES<\/strong><br><strong>2022 <\/strong>accredited IP Scan service provider<br><strong>2018 <\/strong>Founder and CEO of HARBER IP<br><strong>2015 <\/strong>European Trademark and Design Attorney<br><strong>2015 <\/strong>Czech Patent Attorney &#8211; Trademarks and Industrial Designs<br><strong>2009 &#8211; 2010 <\/strong>Erasmus Universitait Rotterdam (Netherlands), LL.M. in commercial law<br><strong>2006 &#8211; 2009 <\/strong>University of Wales, Comparative Law (BA. Hons.)<\/p>\n<\/div>\n<\/div>\n","protected":false},"excerpt":{"rendered":"<p>CEO, PATENT ATTORNEY \u2013 TRADEMARKS berankova@harber-ip.czCZ EN ES FR Ingrid is the founding partner of HARBER IP. After concluding her previous career of a ballet dancer in&nbsp;the&nbsp;National Theatre Ballet in &#8230;<\/p>\n","protected":false},"author":6,"featured_media":0,"parent":0,"menu_order":24,"comment_status":"closed","ping_status":"closed","template":"","meta":{"inline_featured_image":false},"acf":[],"aioseo_notices":[],"_links":{"self":[{"href":"https:\/\/harber-ip.cz\/en\/wp-json\/wp\/v2\/pages\/2961"}],"collection":[{"href":"https:\/\/harber-ip.cz\/en\/wp-json\/wp\/v2\/pages"}],"about":[{"href":"https:\/\/harber-ip.cz\/en\/wp-json\/wp\/v2\/types\/page"}],"author":[{"embeddable":true,"href":"https:\/\/harber-ip.cz\/en\/wp-json\/wp\/v2\/users\/6"}],"replies":[{"embeddable":true,"href":"https:\/\/harber-ip.cz\/en\/wp-json\/wp\/v2\/comments?post=2961"}],"version-history":[{"count":5,"href":"https:\/\/harber-ip.cz\/en\/wp-json\/wp\/v2\/pages\/2961\/revisions"}],"predecessor-version":[{"id":3072,"href":"https:\/\/harber-ip.cz\/en\/wp-json\/wp\/v2\/pages\/2961\/revisions\/3072"}],"wp:attachment":[{"href":"https:\/\/harber-ip.cz\/en\/wp-json\/wp\/v2\/media?parent=2961"}],"curies":[{"name":"wp","href":"https:\/\/api.w.org\/{rel}","templated":true}]}}